{"id":483,"date":"2023-03-15T09:09:20","date_gmt":"2023-03-15T08:09:20","guid":{"rendered":"https:\/\/www.hotelpalmaria.com\/?page_id=483"},"modified":"2023-11-27T11:15:52","modified_gmt":"2023-11-27T10:15:52","slug":"avis-legal","status":"publish","type":"page","link":"https:\/\/www.hotelpalmaria.com\/index.php\/avis-legal\/","title":{"rendered":"AV\u00cdS LEGAL"},"content":{"rendered":"\t\t<div data-elementor-type=\"wp-page\" data-elementor-id=\"483\" class=\"elementor elementor-483\" data-elementor-post-type=\"page\">\n\t\t\t\t\t\t\t\t\t<section class=\"elementor-section elementor-top-section elementor-element elementor-element-b46101b elementor-section-boxed elementor-section-height-default elementor-section-height-default\" data-id=\"b46101b\" data-element_type=\"section\">\n\t\t\t\t\t\t<div class=\"elementor-container elementor-column-gap-default\">\n\t\t\t\t\t<div class=\"elementor-column elementor-col-100 elementor-top-column elementor-element elementor-element-e1d1554\" data-id=\"e1d1554\" data-element_type=\"column\">\n\t\t\t<div class=\"elementor-widget-wrap elementor-element-populated\">\n\t\t\t\t\t\t\t\t<div class=\"elementor-element elementor-element-9103800 elementor-widget elementor-widget-text-editor\" data-id=\"9103800\" data-element_type=\"widget\" data-widget_type=\"text-editor.default\">\n\t\t\t\t<div class=\"elementor-widget-container\">\n\t\t\t<style>\/*! elementor - v3.18.0 - 20-12-2023 *\/\n.elementor-widget-text-editor.elementor-drop-cap-view-stacked .elementor-drop-cap{background-color:#69727d;color:#fff}.elementor-widget-text-editor.elementor-drop-cap-view-framed .elementor-drop-cap{color:#69727d;border:3px solid;background-color:transparent}.elementor-widget-text-editor:not(.elementor-drop-cap-view-default) .elementor-drop-cap{margin-top:8px}.elementor-widget-text-editor:not(.elementor-drop-cap-view-default) .elementor-drop-cap-letter{width:1em;height:1em}.elementor-widget-text-editor .elementor-drop-cap{float:left;text-align:center;line-height:1;font-size:50px}.elementor-widget-text-editor .elementor-drop-cap-letter{display:inline-block}<\/style>\t\t\t\t<h1><span style=\"color: #808080;\"><b>1. AVISO LEGAL<\/b><\/span><\/h1><p><span style=\"color: #808080;\"><span style=\"font-weight: 400;\">FAMILIA AGUIL\u00d3 CB en cumplimiento de lo dispuesto en el art\u00edculo 10 de la Ley 34\/2002, de 11 de julio, de Servicios de la Sociedad de la Informaci\u00f3n y Comercio Electr\u00f3nico, le informa que es una sociedad inscrita en el registro H\/1944<\/span><span style=\"font-weight: 400;\">, con los siguientes datos:<\/span><\/span><\/p><ul><li style=\"font-weight: 400;\" aria-level=\"1\"><span style=\"color: #808080;\"><b>Denominaci\u00f3n social<\/b><span style=\"font-weight: 400;\">:<\/span> FAMILIA AGUIL\u00d3 CB<\/span><\/li><li style=\"font-weight: 400;\" aria-level=\"1\"><span style=\"color: #808080;\"><b>CIF<\/b><span style=\"font-weight: 400;\">:<\/span> E-09767211<\/span><\/li><li style=\"font-weight: 400;\" aria-level=\"1\"><span style=\"color: #808080;\"><b>Domicio social<\/b><span style=\"font-weight: 400;\">:<\/span> Carrer Cova des Drac, 10, Santany\u00ed, Mallorca, Islas Baleares<\/span><\/li><li style=\"font-weight: 400;\" aria-level=\"1\"><span style=\"color: #808080;\"><b>Contacto<\/b><span style=\"font-weight: 400;\">: <span class=\"elementor-icon-list-text\">recepcion@hotelpalmaria.com<\/span><\/span><\/span><\/li><\/ul><p><span style=\"color: #808080;\"><span style=\"font-weight: 400;\">La sociedad FAMILIA AGUIL\u00d3 CB<\/span><span style=\"font-weight: 400;\">\u00a0es propietaria del dominio www.hotelpalmaria.com<\/span><span style=\"font-weight: 400;\">\u00a0y de las p\u00e1ginas en internet a las que se acceda a trav\u00e9s de dicho dominio y est\u00e9n alojadas en \u00e9l.<\/span><\/span><\/p><p><span style=\"font-weight: 400; color: #808080;\">Este sitio web no puede garantizar su disponibilidad permanente, ni la ausencia de virus u otros elementos lesivos que pudieran ocasionar da\u00f1os a sistemas inform\u00e1ticos. Asimismo, no se hace responsable de los da\u00f1os y perjuicios directos o indirectos derivados del uso o acceso a dicho sitio.<\/span><\/p><h1><span style=\"color: #808080;\"><b>2. PROPIEDAD INTELECTUAL<\/b><\/span><\/h1><p><span style=\"color: #808080;\"><span style=\"font-weight: 400;\">Todos los contenidos del sitio web www.hotelpalmaria.com<\/span><span style=\"font-weight: 400;\">, ya sean fotograf\u00edas, im\u00e1genes, dibujos, textos, audio, video, animaciones, software, c\u00f3digos fuente, logotipos y dise\u00f1o, est\u00e1n protegidos por la normativa de Propiedad Intelectual e Industrial, en particular por el R.D.L 1\/96 que aprueba el Texto Refundido de la Ley de Propiedad Intelectual y por la Ley de Marcas 17\/2001.<\/span><\/span><\/p><p><span style=\"color: #808080;\"><span style=\"font-weight: 400;\">Los derechos sobre los contenidos pertenecen a FAMILIA AGUIL\u00d3 CB<\/span><span style=\"font-weight: 400;\">\u00a0o, en su caso, a terceros. En ning\u00fan caso el acceso a www.hotelpalmaria.com<\/span><span style=\"font-weight: 400;\">\u00a0implica cesi\u00f3n, transmisi\u00f3n o cualquier otro tipo de renuncia ni total ni parcial, de los derechos de Propiedad Intelectual o Industrial.<\/span><\/span><\/p><p><span style=\"font-weight: 400; color: #808080;\">El usuario del sitio web deber\u00e1 abstenerse de suprimir, alterar, eludir o manipular cualquiera de los dispositivos de protecci\u00f3n o sistemas de seguridad que puedan estar instalados en la misma.<\/span><\/p><p><span style=\"font-weight: 400; color: #808080;\">No se permite la reproducci\u00f3n y\/o publicaci\u00f3n, total o parcial, del sitio web, ni su tratamiento inform\u00e1tico, o su distribuci\u00f3n, su difusi\u00f3n, su reventa, su transformaci\u00f3n u otra actividad realizable con los contenidos de sus p\u00e1ginas web, ni aun citando las fuentes utilizadas sin el permiso previo y por escrito del mismo por-alegria.com dando lugar a la responsabilidad establecida legalmente.<\/span><\/p><p><span style=\"color: #808080;\"><span style=\"font-weight: 400;\">El usuario, \u00fanica y exclusivamente, puede utilizar el material que aparezca en este sitio web para su uso personal y privado, quedando prohibido su uso con fines comerciales. Todos los derechos derivados de la propiedad intelectual est\u00e1n expresamente reservados por FAMILIA AGUIL\u00d3 CB<\/span><span style=\"font-weight: 400;\">\u00a0ejercitando todas las acciones civiles y penales que le correspondan en el caso de infracci\u00f3n o incumplimiento de estos derechos por parte del usuario.<\/span><\/span><\/p>\t\t\t\t\t\t<\/div>\n\t\t\t\t<\/div>\n\t\t\t\t\t<\/div>\n\t\t<\/div>\n\t\t\t\t\t\t\t<\/div>\n\t\t<\/section>\n\t\t\t\t\t\t\t<\/div>\n\t\t","protected":false},"excerpt":{"rendered":"<p>1. AVISO LEGAL FAMILIA AGUIL\u00d3 CB en cumplimiento de lo dispuesto en el art\u00edculo 10 de la Ley 34\/2002, de 11 de julio, de Servicios de la Sociedad de la Informaci\u00f3n y Comercio Electr\u00f3nico, le informa que es una sociedad inscrita en el registro H\/1944, con los siguientes datos: Denominaci\u00f3n social: FAMILIA AGUIL\u00d3 CB CIF: &hellip;<\/p>\n<p class=\"read-more\"> <a class=\"\" href=\"https:\/\/www.hotelpalmaria.com\/index.php\/avis-legal\/\"> <span class=\"screen-reader-text\">AV\u00cdS LEGAL<\/span> Leer m\u00e1s &raquo;<\/a><\/p>\n","protected":false},"author":1,"featured_media":0,"parent":0,"menu_order":0,"comment_status":"closed","ping_status":"closed","template":"","meta":{"site-sidebar-layout":"no-sidebar","site-content-layout":"page-builder","ast-site-content-layout":"","site-content-style":"default","site-sidebar-style":"default","ast-global-header-display":"","ast-banner-title-visibility":"","ast-main-header-display":"","ast-hfb-above-header-display":"","ast-hfb-below-header-display":"","ast-hfb-mobile-header-display":"","site-post-title":"disabled","ast-breadcrumbs-content":"","ast-featured-img":"disabled","footer-sml-layout":"","theme-transparent-header-meta":"","adv-header-id-meta":"","stick-header-meta":"","header-above-stick-meta":"","header-main-stick-meta":"","header-below-stick-meta":"","astra-migrate-meta-layouts":"","ast-page-background-enabled":"default","ast-page-background-meta":{"desktop":{"background-color":"var(--ast-global-color-4)","background-image":"","background-repeat":"repeat","background-position":"center center","background-size":"auto","background-attachment":"scroll","background-type":"","background-media":"","overlay-type":"","overlay-color":"","overlay-gradient":""},"tablet":{"background-color":"","background-image":"","background-repeat":"repeat","background-position":"center center","background-size":"auto","background-attachment":"scroll","background-type":"","background-media":"","overlay-type":"","overlay-color":"","overlay-gradient":""},"mobile":{"background-color":"","background-image":"","background-repeat":"repeat","background-position":"center center","background-size":"auto","background-attachment":"scroll","background-type":"","background-media":"","overlay-type":"","overlay-color":"","overlay-gradient":""}},"ast-content-background-meta":{"desktop":{"background-color":"var(--ast-global-color-5)","background-image":"","background-repeat":"repeat","background-position":"center center","background-size":"auto","background-attachment":"scroll","background-type":"","background-media":"","overlay-type":"","overlay-color":"","overlay-gradient":""},"tablet":{"background-color":"var(--ast-global-color-5)","background-image":"","background-repeat":"repeat","background-position":"center center","background-size":"auto","background-attachment":"scroll","background-type":"","background-media":"","overlay-type":"","overlay-color":"","overlay-gradient":""},"mobile":{"background-color":"var(--ast-global-color-5)","background-image":"","background-repeat":"repeat","background-position":"center center","background-size":"auto","background-attachment":"scroll","background-type":"","background-media":"","overlay-type":"","overlay-color":"","overlay-gradient":""}},"_joinchat":[],"footnotes":""},"class_list":["post-483","page","type-page","status-publish","hentry"],"yoast_head":"<!-- This site is optimized with the Yoast SEO plugin v22.4 - https:\/\/yoast.com\/wordpress\/plugins\/seo\/ -->\n<title>AV\u00cdS LEGAL | Hotel Palmaria<\/title>\n<meta name=\"robots\" content=\"index, follow, max-snippet:-1, max-image-preview:large, max-video-preview:-1\" \/>\n<link rel=\"canonical\" href=\"https:\/\/www.hotelpalmaria.com\/index.php\/avis-legal\/\" \/>\n<meta property=\"og:locale\" content=\"es_ES\" \/>\n<meta property=\"og:type\" content=\"article\" \/>\n<meta property=\"og:title\" content=\"AV\u00cdS LEGAL | Hotel Palmaria\" \/>\n<meta property=\"og:description\" content=\"1. AVISO LEGAL FAMILIA AGUIL\u00d3 CB en cumplimiento de lo dispuesto en el art\u00edculo 10 de la Ley 34\/2002, de 11 de julio, de Servicios de la Sociedad de la Informaci\u00f3n y Comercio Electr\u00f3nico, le informa que es una sociedad inscrita en el registro H\/1944, con los siguientes datos: Denominaci\u00f3n social: FAMILIA AGUIL\u00d3 CB CIF: &hellip; AV\u00cdS LEGAL Leer m\u00e1s &raquo;\" \/>\n<meta property=\"og:url\" content=\"https:\/\/www.hotelpalmaria.com\/index.php\/avis-legal\/\" \/>\n<meta property=\"og:site_name\" content=\"Hotel Palmaria\" \/>\n<meta property=\"article:modified_time\" content=\"2023-11-27T10:15:52+00:00\" \/>\n<meta property=\"og:image\" content=\"https:\/\/www.hotelpalmaria.com\/wp-content\/uploads\/2023\/03\/Imagotipo-Palmaria_web.png\" \/>\n\t<meta property=\"og:image:width\" content=\"327\" \/>\n\t<meta property=\"og:image:height\" content=\"303\" \/>\n\t<meta property=\"og:image:type\" content=\"image\/png\" \/>\n<meta name=\"twitter:card\" content=\"summary_large_image\" \/>\n<meta name=\"twitter:label1\" content=\"Tiempo de lectura\" \/>\n\t<meta name=\"twitter:data1\" content=\"2 minutos\" \/>\n<script type=\"application\/ld+json\" class=\"yoast-schema-graph\">{\"@context\":\"https:\/\/schema.org\",\"@graph\":[{\"@type\":\"WebPage\",\"@id\":\"https:\/\/www.hotelpalmaria.com\/index.php\/avis-legal\/\",\"url\":\"https:\/\/www.hotelpalmaria.com\/index.php\/avis-legal\/\",\"name\":\"AV\u00cdS LEGAL | Hotel Palmaria\",\"isPartOf\":{\"@id\":\"https:\/\/www.hotelpalmaria.com\/#website\"},\"datePublished\":\"2023-03-15T08:09:20+00:00\",\"dateModified\":\"2023-11-27T10:15:52+00:00\",\"breadcrumb\":{\"@id\":\"https:\/\/www.hotelpalmaria.com\/index.php\/avis-legal\/#breadcrumb\"},\"inLanguage\":\"es\",\"potentialAction\":[{\"@type\":\"ReadAction\",\"target\":[\"https:\/\/www.hotelpalmaria.com\/index.php\/avis-legal\/\"]}]},{\"@type\":\"BreadcrumbList\",\"@id\":\"https:\/\/www.hotelpalmaria.com\/index.php\/avis-legal\/#breadcrumb\",\"itemListElement\":[{\"@type\":\"ListItem\",\"position\":1,\"name\":\"Home\",\"item\":\"https:\/\/www.hotelpalmaria.com\/\"},{\"@type\":\"ListItem\",\"position\":2,\"name\":\"AV\u00cdS LEGAL\"}]},{\"@type\":\"WebSite\",\"@id\":\"https:\/\/www.hotelpalmaria.com\/#website\",\"url\":\"https:\/\/www.hotelpalmaria.com\/\",\"name\":\"Hotel Palmaria\",\"description\":\"Hotel en el coraz\u00f3n de Cala Santany\u00ed\",\"publisher\":{\"@id\":\"https:\/\/www.hotelpalmaria.com\/#organization\"},\"alternateName\":\"Hotel Palmaria\",\"potentialAction\":[{\"@type\":\"SearchAction\",\"target\":{\"@type\":\"EntryPoint\",\"urlTemplate\":\"https:\/\/www.hotelpalmaria.com\/?s={search_term_string}\"},\"query-input\":\"required name=search_term_string\"}],\"inLanguage\":\"es\"},{\"@type\":\"Organization\",\"@id\":\"https:\/\/www.hotelpalmaria.com\/#organization\",\"name\":\"Hotel Palmaria\",\"alternateName\":\"Hotel Palmaria\",\"url\":\"https:\/\/www.hotelpalmaria.com\/\",\"logo\":{\"@type\":\"ImageObject\",\"inLanguage\":\"es\",\"@id\":\"https:\/\/www.hotelpalmaria.com\/#\/schema\/logo\/image\/\",\"url\":\"https:\/\/www.hotelpalmaria.com\/wp-content\/uploads\/2023\/03\/loho-horizontal.png\",\"contentUrl\":\"https:\/\/www.hotelpalmaria.com\/wp-content\/uploads\/2023\/03\/loho-horizontal.png\",\"width\":740,\"height\":201,\"caption\":\"Hotel Palmaria\"},\"image\":{\"@id\":\"https:\/\/www.hotelpalmaria.com\/#\/schema\/logo\/image\/\"},\"sameAs\":[\"https:\/\/www.instagram.com\/hotelpalmaria\/\"]}]}<\/script>\n<!-- \/ Yoast SEO plugin. -->","yoast_head_json":{"title":"AV\u00cdS LEGAL | Hotel Palmaria","robots":{"index":"index","follow":"follow","max-snippet":"max-snippet:-1","max-image-preview":"max-image-preview:large","max-video-preview":"max-video-preview:-1"},"canonical":"https:\/\/www.hotelpalmaria.com\/index.php\/avis-legal\/","og_locale":"es_ES","og_type":"article","og_title":"AV\u00cdS LEGAL | Hotel Palmaria","og_description":"1. AVISO LEGAL FAMILIA AGUIL\u00d3 CB en cumplimiento de lo dispuesto en el art\u00edculo 10 de la Ley 34\/2002, de 11 de julio, de Servicios de la Sociedad de la Informaci\u00f3n y Comercio Electr\u00f3nico, le informa que es una sociedad inscrita en el registro H\/1944, con los siguientes datos: Denominaci\u00f3n social: FAMILIA AGUIL\u00d3 CB CIF: &hellip; AV\u00cdS LEGAL Leer m\u00e1s &raquo;","og_url":"https:\/\/www.hotelpalmaria.com\/index.php\/avis-legal\/","og_site_name":"Hotel Palmaria","article_modified_time":"2023-11-27T10:15:52+00:00","og_image":[{"width":327,"height":303,"url":"https:\/\/www.hotelpalmaria.com\/wp-content\/uploads\/2023\/03\/Imagotipo-Palmaria_web.png","type":"image\/png"}],"twitter_card":"summary_large_image","twitter_misc":{"Tiempo de lectura":"2 minutos"},"schema":{"@context":"https:\/\/schema.org","@graph":[{"@type":"WebPage","@id":"https:\/\/www.hotelpalmaria.com\/index.php\/avis-legal\/","url":"https:\/\/www.hotelpalmaria.com\/index.php\/avis-legal\/","name":"AV\u00cdS LEGAL | Hotel Palmaria","isPartOf":{"@id":"https:\/\/www.hotelpalmaria.com\/#website"},"datePublished":"2023-03-15T08:09:20+00:00","dateModified":"2023-11-27T10:15:52+00:00","breadcrumb":{"@id":"https:\/\/www.hotelpalmaria.com\/index.php\/avis-legal\/#breadcrumb"},"inLanguage":"es","potentialAction":[{"@type":"ReadAction","target":["https:\/\/www.hotelpalmaria.com\/index.php\/avis-legal\/"]}]},{"@type":"BreadcrumbList","@id":"https:\/\/www.hotelpalmaria.com\/index.php\/avis-legal\/#breadcrumb","itemListElement":[{"@type":"ListItem","position":1,"name":"Home","item":"https:\/\/www.hotelpalmaria.com\/"},{"@type":"ListItem","position":2,"name":"AV\u00cdS LEGAL"}]},{"@type":"WebSite","@id":"https:\/\/www.hotelpalmaria.com\/#website","url":"https:\/\/www.hotelpalmaria.com\/","name":"Hotel Palmaria","description":"Hotel en el coraz\u00f3n de Cala Santany\u00ed","publisher":{"@id":"https:\/\/www.hotelpalmaria.com\/#organization"},"alternateName":"Hotel Palmaria","potentialAction":[{"@type":"SearchAction","target":{"@type":"EntryPoint","urlTemplate":"https:\/\/www.hotelpalmaria.com\/?s={search_term_string}"},"query-input":"required name=search_term_string"}],"inLanguage":"es"},{"@type":"Organization","@id":"https:\/\/www.hotelpalmaria.com\/#organization","name":"Hotel Palmaria","alternateName":"Hotel Palmaria","url":"https:\/\/www.hotelpalmaria.com\/","logo":{"@type":"ImageObject","inLanguage":"es","@id":"https:\/\/www.hotelpalmaria.com\/#\/schema\/logo\/image\/","url":"https:\/\/www.hotelpalmaria.com\/wp-content\/uploads\/2023\/03\/loho-horizontal.png","contentUrl":"https:\/\/www.hotelpalmaria.com\/wp-content\/uploads\/2023\/03\/loho-horizontal.png","width":740,"height":201,"caption":"Hotel Palmaria"},"image":{"@id":"https:\/\/www.hotelpalmaria.com\/#\/schema\/logo\/image\/"},"sameAs":["https:\/\/www.instagram.com\/hotelpalmaria\/"]}]}},"_links":{"self":[{"href":"https:\/\/www.hotelpalmaria.com\/index.php\/wp-json\/wp\/v2\/pages\/483","targetHints":{"allow":["GET"]}}],"collection":[{"href":"https:\/\/www.hotelpalmaria.com\/index.php\/wp-json\/wp\/v2\/pages"}],"about":[{"href":"https:\/\/www.hotelpalmaria.com\/index.php\/wp-json\/wp\/v2\/types\/page"}],"author":[{"embeddable":true,"href":"https:\/\/www.hotelpalmaria.com\/index.php\/wp-json\/wp\/v2\/users\/1"}],"replies":[{"embeddable":true,"href":"https:\/\/www.hotelpalmaria.com\/index.php\/wp-json\/wp\/v2\/comments?post=483"}],"version-history":[{"count":0,"href":"https:\/\/www.hotelpalmaria.com\/index.php\/wp-json\/wp\/v2\/pages\/483\/revisions"}],"wp:attachment":[{"href":"https:\/\/www.hotelpalmaria.com\/index.php\/wp-json\/wp\/v2\/media?parent=483"}],"curies":[{"name":"wp","href":"https:\/\/api.w.org\/{rel}","templated":true}]}}