{"id":2940,"date":"2023-11-04T08:16:51","date_gmt":"2023-11-04T07:16:51","guid":{"rendered":"https:\/\/www.hotelpalmaria.com\/?page_id=2940"},"modified":"2023-11-30T12:27:14","modified_gmt":"2023-11-30T11:27:14","slug":"contacto-2","status":"publish","type":"page","link":"https:\/\/www.hotelpalmaria.com\/index.php\/es\/contacto-2\/","title":{"rendered":"CONTACTO"},"content":{"rendered":"\t\t<div data-elementor-type=\"wp-page\" data-elementor-id=\"2940\" class=\"elementor elementor-2940\" data-elementor-post-type=\"page\">\n\t\t\t\t\t\t\t\t\t<section class=\"elementor-section elementor-top-section elementor-element elementor-element-a87e8a4 elementor-section-full_width elementor-section-height-min-height elementor-section-items-stretch elementor-section-content-middle elementor-hidden-mobile elementor-section-height-default\" data-id=\"a87e8a4\" data-element_type=\"section\" data-settings=\"{&quot;background_background&quot;:&quot;classic&quot;}\">\n\t\t\t\t\t\t<div class=\"elementor-container elementor-column-gap-no\">\n\t\t\t\t\t<div class=\"elementor-column elementor-col-50 elementor-top-column elementor-element elementor-element-80c30ec\" data-id=\"80c30ec\" data-element_type=\"column\" data-settings=\"{&quot;background_background&quot;:&quot;classic&quot;,&quot;background_motion_fx_motion_fx_scrolling&quot;:&quot;yes&quot;,&quot;background_motion_fx_scale_effect&quot;:&quot;yes&quot;,&quot;background_motion_fx_scale_range&quot;:{&quot;unit&quot;:&quot;%&quot;,&quot;size&quot;:&quot;&quot;,&quot;sizes&quot;:{&quot;start&quot;:50,&quot;end&quot;:100}},&quot;animation_tablet&quot;:&quot;none&quot;,&quot;background_motion_fx_scale_direction&quot;:&quot;out-in&quot;,&quot;background_motion_fx_scale_speed&quot;:{&quot;unit&quot;:&quot;px&quot;,&quot;size&quot;:4,&quot;sizes&quot;:[]},&quot;background_motion_fx_devices&quot;:[&quot;desktop&quot;,&quot;tablet&quot;,&quot;mobile&quot;]}\">\n\t\t\t<div class=\"elementor-widget-wrap elementor-element-populated\">\n\t\t\t\t\t\t\t\t<div class=\"elementor-element elementor-element-2b34080 elementor-view-default elementor-widget elementor-widget-icon\" data-id=\"2b34080\" data-element_type=\"widget\" data-widget_type=\"icon.default\">\n\t\t\t\t<div class=\"elementor-widget-container\">\n\t\t\t\t\t<div class=\"elementor-icon-wrapper\">\n\t\t\t<div class=\"elementor-icon\">\n\t\t\t<svg xmlns=\"http:\/\/www.w3.org\/2000\/svg\" xmlns:xlink=\"http:\/\/www.w3.org\/1999\/xlink\" id=\"Capa_1\" x=\"0px\" y=\"0px\" width=\"349.078px\" height=\"349.078px\" viewBox=\"0 0 349.078 349.078\" style=\"enable-background:new 0 0 349.078 349.078;\" xml:space=\"preserve\"><g>\t<path d=\"M150.299,26.634v58.25c0,7.9-6.404,14.301-14.304,14.301c-28.186,0-43.518,28.909-45.643,85.966h45.643  c7.9,0,14.304,6.407,14.304,14.304v122.992c0,7.896-6.404,14.298-14.304,14.298H14.301C6.398,336.745,0,330.338,0,322.447V199.455  c0-27.352,2.754-52.452,8.183-74.611c5.568-22.721,14.115-42.587,25.396-59.048c11.608-16.917,26.128-30.192,43.16-39.44  C93.886,17.052,113.826,12.333,136,12.333C143.895,12.333,150.299,18.734,150.299,26.634z M334.773,99.186  c7.896,0,14.305-6.407,14.305-14.301v-58.25c0-7.9-6.408-14.301-14.305-14.301c-22.165,0-42.108,4.72-59.249,14.023  c-17.035,9.248-31.563,22.523-43.173,39.44c-11.277,16.461-19.824,36.328-25.393,59.054c-5.426,22.166-8.18,47.266-8.18,74.605  v122.992c0,7.896,6.406,14.298,14.304,14.298h121.69c7.896,0,14.299-6.407,14.299-14.298V199.455  c0-7.896-6.402-14.304-14.299-14.304h-44.992C291.873,128.095,306.981,99.186,334.773,99.186z\"><\/path><\/g><g><\/g><g><\/g><g><\/g><g><\/g><g><\/g><g><\/g><g><\/g><g><\/g><g><\/g><g><\/g><g><\/g><g><\/g><g><\/g><g><\/g><g><\/g><\/svg>\t\t\t<\/div>\n\t\t<\/div>\n\t\t\t\t<\/div>\n\t\t\t\t<\/div>\n\t\t\t\t<div class=\"elementor-element elementor-element-9b0c486 elementor-widget__width-initial elementor-widget elementor-widget-text-editor\" data-id=\"9b0c486\" data-element_type=\"widget\" data-widget_type=\"text-editor.default\">\n\t\t\t\t<div class=\"elementor-widget-container\">\n\t\t\t<style>\/*! elementor - v3.18.0 - 20-12-2023 *\/\n.elementor-widget-text-editor.elementor-drop-cap-view-stacked .elementor-drop-cap{background-color:#69727d;color:#fff}.elementor-widget-text-editor.elementor-drop-cap-view-framed .elementor-drop-cap{color:#69727d;border:3px solid;background-color:transparent}.elementor-widget-text-editor:not(.elementor-drop-cap-view-default) .elementor-drop-cap{margin-top:8px}.elementor-widget-text-editor:not(.elementor-drop-cap-view-default) .elementor-drop-cap-letter{width:1em;height:1em}.elementor-widget-text-editor .elementor-drop-cap{float:left;text-align:center;line-height:1;font-size:50px}.elementor-widget-text-editor .elementor-drop-cap-letter{display:inline-block}<\/style>\t\t\t\t<p>Cuidamos al m\u00e1ximo los detalles para que s\u00f3lo tengas que pensar en disfrutar de unas vacaciones incre\u00edbles frente a una de las calas m\u00e1s famosas del mediterr\u00e1neo.<\/p><p>HOTEL PALMARIA<\/p>\t\t\t\t\t\t<\/div>\n\t\t\t\t<\/div>\n\t\t\t\t\t<\/div>\n\t\t<\/div>\n\t\t\t\t<div class=\"elementor-column elementor-col-50 elementor-top-column elementor-element elementor-element-499d45f\" data-id=\"499d45f\" data-element_type=\"column\" data-settings=\"{&quot;background_background&quot;:&quot;classic&quot;}\">\n\t\t\t<div class=\"elementor-widget-wrap\">\n\t\t\t\t\t\t\t\t\t<\/div>\n\t\t<\/div>\n\t\t\t\t\t\t\t<\/div>\n\t\t<\/section>\n\t\t\t\t<section class=\"elementor-section elementor-top-section elementor-element elementor-element-29969c3 elementor-section-full_width elementor-section-height-min-height elementor-section-items-stretch elementor-section-content-middle elementor-hidden-desktop elementor-hidden-tablet elementor-section-height-default\" data-id=\"29969c3\" data-element_type=\"section\" data-settings=\"{&quot;background_background&quot;:&quot;classic&quot;,&quot;animation_mobile&quot;:&quot;none&quot;}\">\n\t\t\t\t\t\t<div class=\"elementor-container elementor-column-gap-no\">\n\t\t\t\t\t<div class=\"elementor-column elementor-col-100 elementor-top-column elementor-element elementor-element-46b00fd\" data-id=\"46b00fd\" data-element_type=\"column\" data-settings=\"{&quot;background_background&quot;:&quot;classic&quot;,&quot;animation_mobile&quot;:&quot;none&quot;}\">\n\t\t\t<div class=\"elementor-widget-wrap elementor-element-populated\">\n\t\t\t\t\t\t\t\t<div class=\"elementor-element elementor-element-b15be9b elementor-view-default elementor-widget elementor-widget-icon\" data-id=\"b15be9b\" data-element_type=\"widget\" data-widget_type=\"icon.default\">\n\t\t\t\t<div class=\"elementor-widget-container\">\n\t\t\t\t\t<div class=\"elementor-icon-wrapper\">\n\t\t\t<div class=\"elementor-icon\">\n\t\t\t<svg xmlns=\"http:\/\/www.w3.org\/2000\/svg\" xmlns:xlink=\"http:\/\/www.w3.org\/1999\/xlink\" id=\"Capa_1\" x=\"0px\" y=\"0px\" width=\"349.078px\" height=\"349.078px\" viewBox=\"0 0 349.078 349.078\" style=\"enable-background:new 0 0 349.078 349.078;\" xml:space=\"preserve\"><g>\t<path d=\"M150.299,26.634v58.25c0,7.9-6.404,14.301-14.304,14.301c-28.186,0-43.518,28.909-45.643,85.966h45.643  c7.9,0,14.304,6.407,14.304,14.304v122.992c0,7.896-6.404,14.298-14.304,14.298H14.301C6.398,336.745,0,330.338,0,322.447V199.455  c0-27.352,2.754-52.452,8.183-74.611c5.568-22.721,14.115-42.587,25.396-59.048c11.608-16.917,26.128-30.192,43.16-39.44  C93.886,17.052,113.826,12.333,136,12.333C143.895,12.333,150.299,18.734,150.299,26.634z M334.773,99.186  c7.896,0,14.305-6.407,14.305-14.301v-58.25c0-7.9-6.408-14.301-14.305-14.301c-22.165,0-42.108,4.72-59.249,14.023  c-17.035,9.248-31.563,22.523-43.173,39.44c-11.277,16.461-19.824,36.328-25.393,59.054c-5.426,22.166-8.18,47.266-8.18,74.605  v122.992c0,7.896,6.406,14.298,14.304,14.298h121.69c7.896,0,14.299-6.407,14.299-14.298V199.455  c0-7.896-6.402-14.304-14.299-14.304h-44.992C291.873,128.095,306.981,99.186,334.773,99.186z\"><\/path><\/g><g><\/g><g><\/g><g><\/g><g><\/g><g><\/g><g><\/g><g><\/g><g><\/g><g><\/g><g><\/g><g><\/g><g><\/g><g><\/g><g><\/g><g><\/g><\/svg>\t\t\t<\/div>\n\t\t<\/div>\n\t\t\t\t<\/div>\n\t\t\t\t<\/div>\n\t\t\t\t<div class=\"elementor-element elementor-element-0e83adf elementor-widget__width-initial elementor-widget elementor-widget-text-editor\" data-id=\"0e83adf\" data-element_type=\"widget\" data-widget_type=\"text-editor.default\">\n\t\t\t\t<div class=\"elementor-widget-container\">\n\t\t\t\t\t\t\t<p>Cuidamos al m\u00e1ximo los detalles para que s\u00f3lo tengas que pensar en disfrutar de unas vacaciones incre\u00edbles frente a una de las calas m\u00e1s famosas del mediterr\u00e1neo.<\/p><p>HOTEL PALMARIA<\/p>\t\t\t\t\t\t<\/div>\n\t\t\t\t<\/div>\n\t\t\t\t\t<\/div>\n\t\t<\/div>\n\t\t\t\t\t\t\t<\/div>\n\t\t<\/section>\n\t\t\t\t<section class=\"elementor-section elementor-top-section elementor-element elementor-element-0b05b84 elementor-section-full_width elementor-section-stretched elementor-hidden-desktop elementor-hidden-tablet elementor-section-height-default elementor-section-height-default\" data-id=\"0b05b84\" data-element_type=\"section\" data-settings=\"{&quot;stretch_section&quot;:&quot;section-stretched&quot;,&quot;animation_mobile&quot;:&quot;none&quot;}\">\n\t\t\t\t\t\t<div class=\"elementor-container elementor-column-gap-default\">\n\t\t\t\t\t<div class=\"elementor-column elementor-col-100 elementor-top-column elementor-element elementor-element-9ce7cff\" data-id=\"9ce7cff\" data-element_type=\"column\">\n\t\t\t<div class=\"elementor-widget-wrap elementor-element-populated\">\n\t\t\t\t\t\t\t\t<div class=\"elementor-element elementor-element-2db27ab elementor-widget elementor-widget-image\" data-id=\"2db27ab\" data-element_type=\"widget\" data-widget_type=\"image.default\">\n\t\t\t\t<div class=\"elementor-widget-container\">\n\t\t\t<style>\/*! elementor - v3.18.0 - 20-12-2023 *\/\n.elementor-widget-image{text-align:center}.elementor-widget-image a{display:inline-block}.elementor-widget-image a img[src$=\".svg\"]{width:48px}.elementor-widget-image img{vertical-align:middle;display:inline-block}<\/style>\t\t\t\t\t\t\t\t\t\t\t\t<img fetchpriority=\"high\" decoding=\"async\" width=\"1024\" height=\"683\" src=\"https:\/\/www.hotelpalmaria.com\/wp-content\/uploads\/2023\/03\/f5b6910c-1024x683.webp\" class=\"attachment-large size-large wp-image-567\" alt=\"\" srcset=\"https:\/\/www.hotelpalmaria.com\/wp-content\/uploads\/2023\/03\/f5b6910c-1024x683.webp 1024w, https:\/\/www.hotelpalmaria.com\/wp-content\/uploads\/2023\/03\/f5b6910c-300x200.webp 300w, https:\/\/www.hotelpalmaria.com\/wp-content\/uploads\/2023\/03\/f5b6910c-768x512.webp 768w, https:\/\/www.hotelpalmaria.com\/wp-content\/uploads\/2023\/03\/f5b6910c.webp 1200w\" sizes=\"(max-width: 1024px) 100vw, 1024px\" \/>\t\t\t\t\t\t\t\t\t\t\t\t\t\t\t<\/div>\n\t\t\t\t<\/div>\n\t\t\t\t\t<\/div>\n\t\t<\/div>\n\t\t\t\t\t\t\t<\/div>\n\t\t<\/section>\n\t\t\t\t\t\t\t<\/div>\n\t\t","protected":false},"excerpt":{"rendered":"<p>Cuidamos al m\u00e1ximo los detalles para que s\u00f3lo tengas que pensar en disfrutar de unas vacaciones incre\u00edbles frente a una de las calas m\u00e1s famosas del mediterr\u00e1neo. HOTEL PALMARIA Cuidamos al m\u00e1ximo los detalles para que s\u00f3lo tengas que pensar en disfrutar de unas vacaciones incre\u00edbles frente a una de las calas m\u00e1s famosas del &hellip;<\/p>\n<p class=\"read-more\"> <a class=\"\" href=\"https:\/\/www.hotelpalmaria.com\/index.php\/es\/contacto-2\/\"> <span class=\"screen-reader-text\">CONTACTO<\/span> Leer m\u00e1s &raquo;<\/a><\/p>\n","protected":false},"author":1,"featured_media":0,"parent":0,"menu_order":0,"comment_status":"closed","ping_status":"closed","template":"","meta":{"site-sidebar-layout":"no-sidebar","site-content-layout":"page-builder","ast-site-content-layout":"full-width-container","site-content-style":"unboxed","site-sidebar-style":"unboxed","ast-global-header-display":"","ast-banner-title-visibility":"","ast-main-header-display":"","ast-hfb-above-header-display":"","ast-hfb-below-header-display":"","ast-hfb-mobile-header-display":"","site-post-title":"disabled","ast-breadcrumbs-content":"","ast-featured-img":"disabled","footer-sml-layout":"","theme-transparent-header-meta":"","adv-header-id-meta":"","stick-header-meta":"","header-above-stick-meta":"","header-main-stick-meta":"","header-below-stick-meta":"","astra-migrate-meta-layouts":"set","ast-page-background-enabled":"default","ast-page-background-meta":{"desktop":{"background-color":"var(--ast-global-color-4)","background-image":"","background-repeat":"repeat","background-position":"center center","background-size":"auto","background-attachment":"scroll","background-type":"","background-media":"","overlay-type":"","overlay-color":"","overlay-gradient":""},"tablet":{"background-color":"","background-image":"","background-repeat":"repeat","background-position":"center center","background-size":"auto","background-attachment":"scroll","background-type":"","background-media":"","overlay-type":"","overlay-color":"","overlay-gradient":""},"mobile":{"background-color":"","background-image":"","background-repeat":"repeat","background-position":"center center","background-size":"auto","background-attachment":"scroll","background-type":"","background-media":"","overlay-type":"","overlay-color":"","overlay-gradient":""}},"ast-content-background-meta":{"desktop":{"background-color":"var(--ast-global-color-5)","background-image":"","background-repeat":"repeat","background-position":"center center","background-size":"auto","background-attachment":"scroll","background-type":"","background-media":"","overlay-type":"","overlay-color":"","overlay-gradient":""},"tablet":{"background-color":"var(--ast-global-color-5)","background-image":"","background-repeat":"repeat","background-position":"center center","background-size":"auto","background-attachment":"scroll","background-type":"","background-media":"","overlay-type":"","overlay-color":"","overlay-gradient":""},"mobile":{"background-color":"var(--ast-global-color-5)","background-image":"","background-repeat":"repeat","background-position":"center center","background-size":"auto","background-attachment":"scroll","background-type":"","background-media":"","overlay-type":"","overlay-color":"","overlay-gradient":""}},"_joinchat":[],"footnotes":""},"class_list":["post-2940","page","type-page","status-publish","hentry"],"yoast_head":"<!-- This site is optimized with the Yoast SEO plugin v22.4 - https:\/\/yoast.com\/wordpress\/plugins\/seo\/ -->\n<title>CONTACTO | Hotel Palmaria<\/title>\n<meta name=\"robots\" content=\"index, follow, max-snippet:-1, max-image-preview:large, max-video-preview:-1\" \/>\n<link rel=\"canonical\" href=\"https:\/\/www.hotelpalmaria.com\/index.php\/es\/contacto-2\/\" \/>\n<meta property=\"og:locale\" content=\"es_ES\" \/>\n<meta property=\"og:type\" content=\"article\" \/>\n<meta property=\"og:title\" content=\"CONTACTO | Hotel Palmaria\" \/>\n<meta property=\"og:description\" content=\"Cuidamos al m\u00e1ximo los detalles para que s\u00f3lo tengas que pensar en disfrutar de unas vacaciones incre\u00edbles frente a una de las calas m\u00e1s famosas del mediterr\u00e1neo. HOTEL PALMARIA Cuidamos al m\u00e1ximo los detalles para que s\u00f3lo tengas que pensar en disfrutar de unas vacaciones incre\u00edbles frente a una de las calas m\u00e1s famosas del &hellip; CONTACTO Leer m\u00e1s &raquo;\" \/>\n<meta property=\"og:url\" content=\"https:\/\/www.hotelpalmaria.com\/index.php\/es\/contacto-2\/\" \/>\n<meta property=\"og:site_name\" content=\"Hotel Palmaria\" \/>\n<meta property=\"article:modified_time\" content=\"2023-11-30T11:27:14+00:00\" \/>\n<meta property=\"og:image\" content=\"https:\/\/www.hotelpalmaria.com\/wp-content\/uploads\/2023\/03\/f5b6910c-1024x683.webp\" \/>\n<meta name=\"twitter:card\" content=\"summary_large_image\" \/>\n<meta name=\"twitter:label1\" content=\"Tiempo de lectura\" \/>\n\t<meta name=\"twitter:data1\" content=\"1 minuto\" \/>\n<script type=\"application\/ld+json\" class=\"yoast-schema-graph\">{\"@context\":\"https:\/\/schema.org\",\"@graph\":[{\"@type\":\"WebPage\",\"@id\":\"https:\/\/www.hotelpalmaria.com\/index.php\/es\/contacto-2\/\",\"url\":\"https:\/\/www.hotelpalmaria.com\/index.php\/es\/contacto-2\/\",\"name\":\"CONTACTO | Hotel Palmaria\",\"isPartOf\":{\"@id\":\"https:\/\/www.hotelpalmaria.com\/#website\"},\"primaryImageOfPage\":{\"@id\":\"https:\/\/www.hotelpalmaria.com\/index.php\/es\/contacto-2\/#primaryimage\"},\"image\":{\"@id\":\"https:\/\/www.hotelpalmaria.com\/index.php\/es\/contacto-2\/#primaryimage\"},\"thumbnailUrl\":\"https:\/\/www.hotelpalmaria.com\/wp-content\/uploads\/2023\/03\/f5b6910c-1024x683.webp\",\"datePublished\":\"2023-11-04T07:16:51+00:00\",\"dateModified\":\"2023-11-30T11:27:14+00:00\",\"breadcrumb\":{\"@id\":\"https:\/\/www.hotelpalmaria.com\/index.php\/es\/contacto-2\/#breadcrumb\"},\"inLanguage\":\"es\",\"potentialAction\":[{\"@type\":\"ReadAction\",\"target\":[\"https:\/\/www.hotelpalmaria.com\/index.php\/es\/contacto-2\/\"]}]},{\"@type\":\"ImageObject\",\"inLanguage\":\"es\",\"@id\":\"https:\/\/www.hotelpalmaria.com\/index.php\/es\/contacto-2\/#primaryimage\",\"url\":\"https:\/\/www.hotelpalmaria.com\/wp-content\/uploads\/2023\/03\/f5b6910c.webp\",\"contentUrl\":\"https:\/\/www.hotelpalmaria.com\/wp-content\/uploads\/2023\/03\/f5b6910c.webp\",\"width\":1200,\"height\":800},{\"@type\":\"BreadcrumbList\",\"@id\":\"https:\/\/www.hotelpalmaria.com\/index.php\/es\/contacto-2\/#breadcrumb\",\"itemListElement\":[{\"@type\":\"ListItem\",\"position\":1,\"name\":\"Home\",\"item\":\"https:\/\/www.hotelpalmaria.com\/\"},{\"@type\":\"ListItem\",\"position\":2,\"name\":\"CONTACTO\"}]},{\"@type\":\"WebSite\",\"@id\":\"https:\/\/www.hotelpalmaria.com\/#website\",\"url\":\"https:\/\/www.hotelpalmaria.com\/\",\"name\":\"Hotel Palmaria\",\"description\":\"Hotel en el coraz\u00f3n de Cala Santany\u00ed\",\"publisher\":{\"@id\":\"https:\/\/www.hotelpalmaria.com\/#organization\"},\"alternateName\":\"Hotel Palmaria\",\"potentialAction\":[{\"@type\":\"SearchAction\",\"target\":{\"@type\":\"EntryPoint\",\"urlTemplate\":\"https:\/\/www.hotelpalmaria.com\/?s={search_term_string}\"},\"query-input\":\"required name=search_term_string\"}],\"inLanguage\":\"es\"},{\"@type\":\"Organization\",\"@id\":\"https:\/\/www.hotelpalmaria.com\/#organization\",\"name\":\"Hotel Palmaria\",\"alternateName\":\"Hotel Palmaria\",\"url\":\"https:\/\/www.hotelpalmaria.com\/\",\"logo\":{\"@type\":\"ImageObject\",\"inLanguage\":\"es\",\"@id\":\"https:\/\/www.hotelpalmaria.com\/#\/schema\/logo\/image\/\",\"url\":\"https:\/\/www.hotelpalmaria.com\/wp-content\/uploads\/2023\/03\/loho-horizontal.png\",\"contentUrl\":\"https:\/\/www.hotelpalmaria.com\/wp-content\/uploads\/2023\/03\/loho-horizontal.png\",\"width\":740,\"height\":201,\"caption\":\"Hotel Palmaria\"},\"image\":{\"@id\":\"https:\/\/www.hotelpalmaria.com\/#\/schema\/logo\/image\/\"},\"sameAs\":[\"https:\/\/www.instagram.com\/hotelpalmaria\/\"]}]}<\/script>\n<!-- \/ Yoast SEO plugin. -->","yoast_head_json":{"title":"CONTACTO | Hotel Palmaria","robots":{"index":"index","follow":"follow","max-snippet":"max-snippet:-1","max-image-preview":"max-image-preview:large","max-video-preview":"max-video-preview:-1"},"canonical":"https:\/\/www.hotelpalmaria.com\/index.php\/es\/contacto-2\/","og_locale":"es_ES","og_type":"article","og_title":"CONTACTO | Hotel Palmaria","og_description":"Cuidamos al m\u00e1ximo los detalles para que s\u00f3lo tengas que pensar en disfrutar de unas vacaciones incre\u00edbles frente a una de las calas m\u00e1s famosas del mediterr\u00e1neo. HOTEL PALMARIA Cuidamos al m\u00e1ximo los detalles para que s\u00f3lo tengas que pensar en disfrutar de unas vacaciones incre\u00edbles frente a una de las calas m\u00e1s famosas del &hellip; CONTACTO Leer m\u00e1s &raquo;","og_url":"https:\/\/www.hotelpalmaria.com\/index.php\/es\/contacto-2\/","og_site_name":"Hotel Palmaria","article_modified_time":"2023-11-30T11:27:14+00:00","og_image":[{"url":"https:\/\/www.hotelpalmaria.com\/wp-content\/uploads\/2023\/03\/f5b6910c-1024x683.webp"}],"twitter_card":"summary_large_image","twitter_misc":{"Tiempo de lectura":"1 minuto"},"schema":{"@context":"https:\/\/schema.org","@graph":[{"@type":"WebPage","@id":"https:\/\/www.hotelpalmaria.com\/index.php\/es\/contacto-2\/","url":"https:\/\/www.hotelpalmaria.com\/index.php\/es\/contacto-2\/","name":"CONTACTO | Hotel Palmaria","isPartOf":{"@id":"https:\/\/www.hotelpalmaria.com\/#website"},"primaryImageOfPage":{"@id":"https:\/\/www.hotelpalmaria.com\/index.php\/es\/contacto-2\/#primaryimage"},"image":{"@id":"https:\/\/www.hotelpalmaria.com\/index.php\/es\/contacto-2\/#primaryimage"},"thumbnailUrl":"https:\/\/www.hotelpalmaria.com\/wp-content\/uploads\/2023\/03\/f5b6910c-1024x683.webp","datePublished":"2023-11-04T07:16:51+00:00","dateModified":"2023-11-30T11:27:14+00:00","breadcrumb":{"@id":"https:\/\/www.hotelpalmaria.com\/index.php\/es\/contacto-2\/#breadcrumb"},"inLanguage":"es","potentialAction":[{"@type":"ReadAction","target":["https:\/\/www.hotelpalmaria.com\/index.php\/es\/contacto-2\/"]}]},{"@type":"ImageObject","inLanguage":"es","@id":"https:\/\/www.hotelpalmaria.com\/index.php\/es\/contacto-2\/#primaryimage","url":"https:\/\/www.hotelpalmaria.com\/wp-content\/uploads\/2023\/03\/f5b6910c.webp","contentUrl":"https:\/\/www.hotelpalmaria.com\/wp-content\/uploads\/2023\/03\/f5b6910c.webp","width":1200,"height":800},{"@type":"BreadcrumbList","@id":"https:\/\/www.hotelpalmaria.com\/index.php\/es\/contacto-2\/#breadcrumb","itemListElement":[{"@type":"ListItem","position":1,"name":"Home","item":"https:\/\/www.hotelpalmaria.com\/"},{"@type":"ListItem","position":2,"name":"CONTACTO"}]},{"@type":"WebSite","@id":"https:\/\/www.hotelpalmaria.com\/#website","url":"https:\/\/www.hotelpalmaria.com\/","name":"Hotel Palmaria","description":"Hotel en el coraz\u00f3n de Cala Santany\u00ed","publisher":{"@id":"https:\/\/www.hotelpalmaria.com\/#organization"},"alternateName":"Hotel Palmaria","potentialAction":[{"@type":"SearchAction","target":{"@type":"EntryPoint","urlTemplate":"https:\/\/www.hotelpalmaria.com\/?s={search_term_string}"},"query-input":"required name=search_term_string"}],"inLanguage":"es"},{"@type":"Organization","@id":"https:\/\/www.hotelpalmaria.com\/#organization","name":"Hotel Palmaria","alternateName":"Hotel Palmaria","url":"https:\/\/www.hotelpalmaria.com\/","logo":{"@type":"ImageObject","inLanguage":"es","@id":"https:\/\/www.hotelpalmaria.com\/#\/schema\/logo\/image\/","url":"https:\/\/www.hotelpalmaria.com\/wp-content\/uploads\/2023\/03\/loho-horizontal.png","contentUrl":"https:\/\/www.hotelpalmaria.com\/wp-content\/uploads\/2023\/03\/loho-horizontal.png","width":740,"height":201,"caption":"Hotel Palmaria"},"image":{"@id":"https:\/\/www.hotelpalmaria.com\/#\/schema\/logo\/image\/"},"sameAs":["https:\/\/www.instagram.com\/hotelpalmaria\/"]}]}},"_links":{"self":[{"href":"https:\/\/www.hotelpalmaria.com\/index.php\/wp-json\/wp\/v2\/pages\/2940","targetHints":{"allow":["GET"]}}],"collection":[{"href":"https:\/\/www.hotelpalmaria.com\/index.php\/wp-json\/wp\/v2\/pages"}],"about":[{"href":"https:\/\/www.hotelpalmaria.com\/index.php\/wp-json\/wp\/v2\/types\/page"}],"author":[{"embeddable":true,"href":"https:\/\/www.hotelpalmaria.com\/index.php\/wp-json\/wp\/v2\/users\/1"}],"replies":[{"embeddable":true,"href":"https:\/\/www.hotelpalmaria.com\/index.php\/wp-json\/wp\/v2\/comments?post=2940"}],"version-history":[{"count":0,"href":"https:\/\/www.hotelpalmaria.com\/index.php\/wp-json\/wp\/v2\/pages\/2940\/revisions"}],"wp:attachment":[{"href":"https:\/\/www.hotelpalmaria.com\/index.php\/wp-json\/wp\/v2\/media?parent=2940"}],"curies":[{"name":"wp","href":"https:\/\/api.w.org\/{rel}","templated":true}]}}